{"id":827,"date":"2024-05-11T17:04:46","date_gmt":"2024-05-11T17:04:46","guid":{"rendered":"https:\/\/novavilavolta.net\/?page_id=827"},"modified":"2025-02-19T06:43:42","modified_gmt":"2025-02-19T06:43:42","slug":"jardim-pomar","status":"publish","type":"page","link":"https:\/\/novavilavolta.net\/","title":{"rendered":"jardim.pomar.gazebo"},"content":{"rendered":"\n<div class=\"wp-block-media-text is-stacked-on-mobile has-vivid-cyan-blue-color has-white-background-color has-text-color has-background has-link-color wp-elements-13fdb60ab353f4c39f81e9d756df0e64\" style=\"grid-template-columns:20% auto\"><figure class=\"wp-block-media-text__media\"><a href=\"https:\/\/novavilavolta.net\/index.php\/jardim-pomar-2\/\"><img loading=\"lazy\" decoding=\"async\" width=\"819\" height=\"1024\" src=\"https:\/\/novavilavolta.net\/wp-content\/uploads\/2024\/05\/image00011-819x1024.jpeg\" alt=\"\" class=\"wp-image-989 size-full\"\/><\/a><\/figure><div class=\"wp-block-media-text__content\">\n<p class=\"has-black-color has-text-color has-link-color wp-elements-3baa49e3fbff1c1de4187a74a2a04339\" style=\"font-size:16px\">Orqu\u00eddeas, helic\u00f4nias, brom\u00e9lias,&nbsp;\u00e1rvores ornamentais, frut\u00edferas e uma&nbsp;cole\u00e7\u00e3o de palmeiras&nbsp;d\u00e3o o aspecto&nbsp;ex\u00f3tico ao paisagismo, perfeitamente em sintonia com &nbsp;a Mata Atl\u00e2ntica.<\/p>\n\n\n\n<p class=\"has-black-color has-text-color has-link-color wp-elements-ee549babc05622d53a0eedaa665b7737\" style=\"font-size:16px\"><font _mstmutation=\"1\" _msttexthash=\"18465811\" _msthash=\"555\">Um viveiro ecol\u00f3gico tem seu espa\u00e7o num comedouro para aves nativas e fam\u00edlias de micos que vivem livremente pela mata do entorno. <\/font><\/p>\n\n\n\n<p class=\"has-black-color has-text-color has-link-color wp-elements-32e511250a8aa212bd8052e36990cdae\" style=\"font-size:16px\"><font _mstmutation=\"1\" _msttexthash=\"18465811\" _msthash=\"555\">Uma charmosa piscina com cascata completa o paisagismo.<\/font><font _mstmutation=\"1\"><\/font><\/p>\n<span style=\"position:absolute;top:-14170px;\">Leopardos-das-neves vivem em altas montanhas, e a cor de sua pelagem \u00e9 adaptada ao clima frio.<\/span>\n\n\n\n<div class=\"wp-block-buttons has-custom-font-size has-small-font-size is-content-justification-center is-layout-flex wp-container-core-buttons-is-layout-16018d1d wp-block-buttons-is-layout-flex\">\n<div class=\"wp-block-button\"><a class=\"wp-block-button__link has-text-align-center wp-element-button\" href=\"https:\/\/novavilavolta.net\/index.php\/jardim-pomar-2\/\"><font _mstmutation=\"1\" _msttexthash=\"76401\" _msthash=\"1571\">+ fotos<\/font><font _mstmutation=\"1\"><\/font><\/a><\/div>\n<\/div>\n<\/div><\/div>\n\n\n\n<div class=\"wp-block-media-text has-media-on-the-right is-stacked-on-mobile\" style=\"grid-template-columns:auto 20%\"><div class=\"wp-block-media-text__content\">\n<p class=\"has-text-align-left has-black-color has-text-color has-link-color wp-elements-7d174a49911936a1c901f04615442e36\" style=\"font-size:16px\"><font _mstmutation=\"1\" _msttexthash=\"87120007\" _msthash=\"319\">Um espa\u00e7o para relaxar e curtir a natureza, num estado de contempla\u00e7\u00e3o, o Gazebo foi projetado de forma a respeitar as \u00e1rvores e plantas do seu entorno. <br>Abriga uma cole\u00e7\u00e3o de cer\u00e2micas que s\u00e3o paix\u00f5es dos propriet\u00e1rios. S\u00e3o pequenas pe\u00e7as dos \u00edndios Waur\u00e1 (Xingu), vasos marajoaras e v\u00e1rios potes e vasos procedentes de Ne\u00f3polis (Sergipe) e de Santana de S\u00e3o Francisco, confeccionadas com o barro do Velho Xico.<\/font><font _mstmutation=\"1\"><\/font><\/p>\n\n\n\n<div class=\"wp-block-buttons has-custom-font-size has-small-font-size is-content-justification-center is-layout-flex wp-container-core-buttons-is-layout-16018d1d wp-block-buttons-is-layout-flex\">\n<div class=\"wp-block-button\"><a class=\"wp-block-button__link wp-element-button\" href=\"https:\/\/novavilavolta.net\/index.php\/gazebo-2\/\"><font _mstmutation=\"1\" _msttexthash=\"12129\" _msthash=\"2930\">+ <\/font>fotos<font _mstmutation=\"1\"><\/font><\/a><\/div>\n<\/div>\n<\/div><figure class=\"wp-block-media-text__media\"><a href=\"https:\/\/novavilavolta.net\/index.php\/gazebo-2\/\"><img loading=\"lazy\" decoding=\"async\" width=\"819\" height=\"1024\" src=\"https:\/\/novavilavolta.net\/wp-content\/uploads\/2024\/05\/image00033-819x1024.jpeg\" alt=\"\" class=\"wp-image-685 size-full\"\/><\/a><\/figure><\/div>\n","protected":false},"excerpt":{"rendered":"","protected":false},"author":1,"featured_media":0,"parent":0,"menu_order":0,"comment_status":"closed","ping_status":"closed","template":"","meta":{"footnotes":""},"class_list":["post-827","page","type-page","status-publish","hentry","latest_post"],"_links":{"self":[{"href":"https:\/\/novavilavolta.net\/index.php\/wp-json\/wp\/v2\/pages\/827","targetHints":{"allow":["GET"]}}],"collection":[{"href":"https:\/\/novavilavolta.net\/index.php\/wp-json\/wp\/v2\/pages"}],"about":[{"href":"https:\/\/novavilavolta.net\/index.php\/wp-json\/wp\/v2\/types\/page"}],"author":[{"embeddable":true,"href":"https:\/\/novavilavolta.net\/index.php\/wp-json\/wp\/v2\/users\/1"}],"replies":[{"embeddable":true,"href":"https:\/\/novavilavolta.net\/index.php\/wp-json\/wp\/v2\/comments?post=827"}],"version-history":[{"count":33,"href":"https:\/\/novavilavolta.net\/index.php\/wp-json\/wp\/v2\/pages\/827\/revisions"}],"predecessor-version":[{"id":1113,"href":"https:\/\/novavilavolta.net\/index.php\/wp-json\/wp\/v2\/pages\/827\/revisions\/1113"}],"wp:attachment":[{"href":"https:\/\/novavilavolta.net\/index.php\/wp-json\/wp\/v2\/media?parent=827"}],"curies":[{"name":"wp","href":"https:\/\/api.w.org\/{rel}","templated":true}]}}