{"id":731,"date":"2024-05-08T21:26:46","date_gmt":"2024-05-08T21:26:46","guid":{"rendered":"https:\/\/novavilavolta.net\/?page_id=731"},"modified":"2024-05-14T13:58:55","modified_gmt":"2024-05-14T13:58:55","slug":"chale-da-jabuticaba-2","status":"publish","type":"page","link":"https:\/\/novavilavolta.net\/index.php\/hospedagem\/chale-da-jabuticaba-2\/","title":{"rendered":"Chal\u00e9 da Jabuticaba"},"content":{"rendered":"\n<p><font _mstmutation=\"1\"><\/font><\/p>\n\n\n\n<div class=\"wp-block-group alignfull has-luminous-vivid-orange-background-color has-background\" style=\"padding-top:6vw;padding-right:6vw;padding-bottom:6vw;padding-left:6vw\"><div class=\"wp-block-group__inner-container is-layout-flow wp-block-group-is-layout-flow\">\n<div class=\"wp-block-group is-vertical is-nowrap is-layout-flex wp-container-core-group-is-layout-287ef9cb wp-block-group-is-layout-flex\" style=\"padding-right:0;padding-left:0\">\n<p class=\"has-luminous-vivid-orange-background-color has-text-color has-background\" style=\"color:#000000;font-size:5vw;font-style:normal;font-weight:700;letter-spacing:0px;line-height:0.9;text-decoration:none;text-transform:none\">De frente pra piscina.<\/p>\n<\/div>\n\n\n\n<div class=\"wp-block-group alignwide is-vertical is-nowrap is-layout-flex wp-container-core-group-is-layout-8171334d wp-block-group-is-layout-flex\" style=\"padding-top:0;padding-right:0;padding-bottom:0;padding-left:0\">\n<div class=\"wp-block-columns alignwide is-layout-flex wp-container-core-columns-is-layout-2656d967 wp-block-columns-is-layout-flex\">\n<div class=\"wp-block-column is-layout-flow wp-block-column-is-layout-flow\" style=\"flex-basis:33.38%\">\n<p class=\"has-black-color has-text-color has-link-color wp-elements-9c2f2cf2afd66b2af9728361df4ded88\" style=\"text-transform:none\"><font _mstmutation=\"1\" _msttexthash=\"1788943\" _msthash=\"1935\">Ocupando uma \u00e1rea de 80 m2, o chal\u00e9 est\u00e1 localizado em<\/font><br><font _mstmutation=\"1\" _msttexthash=\"2190552\" _msthash=\"1936\">frente ao deck da piscina. Uma aconchegante varanda convida<\/font><br><font _mstmutation=\"1\" _msttexthash=\"2853877\" _msthash=\"1937\">para entrar no chal\u00e9. O pavimento t\u00e9rreo, em piso cer\u00e2mico, integra <\/font><font _mstmutation=\"1\" _msttexthash=\"1511367\" _msthash=\"1938\">o estar, a cozinha, o jantar e um banheiro complet<\/font><font _mstmutation=\"1\" _msttexthash=\"14885\" _msthash=\"1942\">o<\/font><font _mstmutation=\"1\" _msttexthash=\"4186\" _msthash=\"1948\">.<\/font> <font _mstmutation=\"1\" _msttexthash=\"1854177\" _msthash=\"1939\">O segundo andar \u00e9 todo ocupado por um amplo e iluminado<\/font> <font _mstmutation=\"1\" _msttexthash=\"1059968\" _msthash=\"1940\">dormit\u00f3rio e outro banheiro completo.<\/font><\/p>\n<\/div>\n\n\n\n<div class=\"wp-block-column is-layout-flow wp-block-column-is-layout-flow\" style=\"flex-basis:33%\">\n<div style=\"height:2vw\" aria-hidden=\"true\" class=\"wp-block-spacer\"><\/div>\n\n\n\n<figure class=\"wp-block-image size-medium\"><img loading=\"lazy\" decoding=\"async\" width=\"240\" height=\"300\" src=\"https:\/\/novavilavolta.net\/wp-content\/uploads\/2024\/05\/image00010-240x300.jpeg\" alt=\"\" class=\"wp-image-689\" srcset=\"https:\/\/novavilavolta.net\/wp-content\/uploads\/2024\/05\/image00010-240x300.jpeg 240w, https:\/\/novavilavolta.net\/wp-content\/uploads\/2024\/05\/image00010-819x1024.jpeg 819w, https:\/\/novavilavolta.net\/wp-content\/uploads\/2024\/05\/image00010-768x960.jpeg 768w, https:\/\/novavilavolta.net\/wp-content\/uploads\/2024\/05\/image00010-1229x1536.jpeg 1229w, https:\/\/novavilavolta.net\/wp-content\/uploads\/2024\/05\/image00010-1638x2048.jpeg 1638w, https:\/\/novavilavolta.net\/wp-content\/uploads\/2024\/05\/image00010-48x60.jpeg 48w, https:\/\/novavilavolta.net\/wp-content\/uploads\/2024\/05\/image00010-scaled.jpeg 2048w\" sizes=\"auto, (max-width: 240px) 100vw, 240px\" \/><\/figure>\n<\/div>\n\n\n\n<div class=\"wp-block-column is-layout-flow wp-block-column-is-layout-flow\" style=\"flex-basis:33.62%\">\n<figure class=\"wp-block-image size-medium\"><img loading=\"lazy\" decoding=\"async\" width=\"240\" height=\"300\" src=\"https:\/\/novavilavolta.net\/wp-content\/uploads\/2024\/05\/image00001-1-240x300.jpeg\" alt=\"\" class=\"wp-image-901\" srcset=\"https:\/\/novavilavolta.net\/wp-content\/uploads\/2024\/05\/image00001-1-240x300.jpeg 240w, https:\/\/novavilavolta.net\/wp-content\/uploads\/2024\/05\/image00001-1-819x1024.jpeg 819w, https:\/\/novavilavolta.net\/wp-content\/uploads\/2024\/05\/image00001-1-768x960.jpeg 768w, https:\/\/novavilavolta.net\/wp-content\/uploads\/2024\/05\/image00001-1-1229x1536.jpeg 1229w, https:\/\/novavilavolta.net\/wp-content\/uploads\/2024\/05\/image00001-1-1638x2048.jpeg 1638w, https:\/\/novavilavolta.net\/wp-content\/uploads\/2024\/05\/image00001-1-48x60.jpeg 48w, https:\/\/novavilavolta.net\/wp-content\/uploads\/2024\/05\/image00001-1-scaled.jpeg 2048w\" sizes=\"auto, (max-width: 240px) 100vw, 240px\" \/><\/figure>\n<\/div>\n<\/div>\n\n\n\n<div class=\"wp-block-columns alignwide is-layout-flex wp-container-core-columns-is-layout-724a882f wp-block-columns-is-layout-flex\">\n<div class=\"wp-block-column is-layout-flow wp-block-column-is-layout-flow\" style=\"flex-basis:69%\"><div class=\"wp-block-image\">\n<figure class=\"alignright size-full\"><img loading=\"lazy\" decoding=\"async\" width=\"540\" height=\"300\" src=\"https:\/\/novavilavolta.net\/wp-content\/uploads\/2024\/05\/image00004-corte-e1715479759364.jpg\" alt=\"\" class=\"wp-image-904\"\/><\/figure>\n<\/div><\/div>\n\n\n\n<div class=\"wp-block-column is-vertically-aligned-center is-layout-flow wp-block-column-is-layout-flow\" style=\"flex-basis:33%\">\n<div style=\"height:2vw\" aria-hidden=\"true\" class=\"wp-block-spacer\"><\/div>\n\n\n\n<p class=\"has-text-color\" style=\"color:#000000;font-size:17px\"><font _mstmutation=\"1\" _msttexthash=\"1614249\" _msthash=\"6130\"> <\/font><font _mstmutation=\"1\" _msttexthash=\"7189\" _msthash=\"6141\">O<\/font><font _mstmutation=\"1\" _msttexthash=\"1546519\" _msthash=\"6130\"> espa\u00e7o tem uma decora\u00e7\u00e3o r\u00fastica, com m\u00f3veis<\/font> <font _mstmutation=\"1\" _msttexthash=\"1153126\" _msthash=\"6131\">e pe\u00e7as de arte e artesanato brasileiros.<\/font><br><font _mstmutation=\"1\" _msttexthash=\"1877967\" _msthash=\"6132\">N\u00e3o podiam faltar telas de Lauro Monteiro completando <\/font><font _mstmutation=\"1\" _msttexthash=\"733980\" _msthash=\"6133\">a decora\u00e7\u00e3o de muito bom gosto.<\/font><br><font _mstmutation=\"1\" _msttexthash=\"2175849\" _msthash=\"6134\">Ventiladores e ar condicionado garantem a refrigera\u00e7\u00e3o <\/font><font _mstmutation=\"1\" _msttexthash=\"1081301\" _msthash=\"6135\">do ambiente todo. <\/font><\/p>\n\n\n\n<p class=\"has-text-color\" style=\"color:#000000;font-size:17px\"><font _mstmutation=\"1\" _msttexthash=\"1081301\" _msthash=\"6135\">Acomoda at\u00e9 5 pessoas.<\/font><\/p>\n\n\n\n<p><font _mstmutation=\"1\"><\/font><\/p>\n\n\n\n<p><font _mstmutation=\"1\"><\/font><\/p>\n<\/div>\n<\/div>\n<\/div>\n<\/div><\/div>\n\n\n\n<p><font _mstmutation=\"1\"><\/font><\/p>\n\n\n\n<figure class=\"wp-block-gallery has-nested-images columns-4 is-cropped wp-block-gallery-1 is-layout-flex wp-block-gallery-is-layout-flex\">\n<figure class=\"wp-block-image size-medium is-style-rounded\"><img loading=\"lazy\" decoding=\"async\" width=\"240\" height=\"300\" data-id=\"906\" src=\"https:\/\/novavilavolta.net\/wp-content\/uploads\/2024\/05\/image00006-240x300.jpeg\" alt=\"\" class=\"wp-image-906\" srcset=\"https:\/\/novavilavolta.net\/wp-content\/uploads\/2024\/05\/image00006-240x300.jpeg 240w, https:\/\/novavilavolta.net\/wp-content\/uploads\/2024\/05\/image00006-819x1024.jpeg 819w, https:\/\/novavilavolta.net\/wp-content\/uploads\/2024\/05\/image00006-768x960.jpeg 768w, https:\/\/novavilavolta.net\/wp-content\/uploads\/2024\/05\/image00006-1229x1536.jpeg 1229w, https:\/\/novavilavolta.net\/wp-content\/uploads\/2024\/05\/image00006-1638x2048.jpeg 1638w, https:\/\/novavilavolta.net\/wp-content\/uploads\/2024\/05\/image00006-48x60.jpeg 48w, https:\/\/novavilavolta.net\/wp-content\/uploads\/2024\/05\/image00006-scaled.jpeg 2048w\" sizes=\"auto, (max-width: 240px) 100vw, 240px\" \/><\/figure>\n\n\n\n<figure class=\"wp-block-image size-medium\"><img loading=\"lazy\" decoding=\"async\" width=\"240\" height=\"300\" data-id=\"907\" src=\"https:\/\/novavilavolta.net\/wp-content\/uploads\/2024\/05\/image00002-1-240x300.jpeg\" alt=\"\" class=\"wp-image-907\" srcset=\"https:\/\/novavilavolta.net\/wp-content\/uploads\/2024\/05\/image00002-1-240x300.jpeg 240w, https:\/\/novavilavolta.net\/wp-content\/uploads\/2024\/05\/image00002-1-819x1024.jpeg 819w, https:\/\/novavilavolta.net\/wp-content\/uploads\/2024\/05\/image00002-1-768x960.jpeg 768w, https:\/\/novavilavolta.net\/wp-content\/uploads\/2024\/05\/image00002-1-1229x1536.jpeg 1229w, https:\/\/novavilavolta.net\/wp-content\/uploads\/2024\/05\/image00002-1-1639x2048.jpeg 1639w, https:\/\/novavilavolta.net\/wp-content\/uploads\/2024\/05\/image00002-1-48x60.jpeg 48w, https:\/\/novavilavolta.net\/wp-content\/uploads\/2024\/05\/image00002-1-scaled.jpeg 2048w\" sizes=\"auto, (max-width: 240px) 100vw, 240px\" \/><\/figure>\n\n\n\n<figure class=\"wp-block-image size-medium\"><img loading=\"lazy\" decoding=\"async\" width=\"240\" height=\"300\" data-id=\"908\" src=\"https:\/\/novavilavolta.net\/wp-content\/uploads\/2024\/05\/image00004-1-240x300.jpeg\" alt=\"\" class=\"wp-image-908\" srcset=\"https:\/\/novavilavolta.net\/wp-content\/uploads\/2024\/05\/image00004-1-240x300.jpeg 240w, https:\/\/novavilavolta.net\/wp-content\/uploads\/2024\/05\/image00004-1-819x1024.jpeg 819w, https:\/\/novavilavolta.net\/wp-content\/uploads\/2024\/05\/image00004-1-768x960.jpeg 768w, https:\/\/novavilavolta.net\/wp-content\/uploads\/2024\/05\/image00004-1-1229x1536.jpeg 1229w, https:\/\/novavilavolta.net\/wp-content\/uploads\/2024\/05\/image00004-1-1638x2048.jpeg 1638w, https:\/\/novavilavolta.net\/wp-content\/uploads\/2024\/05\/image00004-1-48x60.jpeg 48w, https:\/\/novavilavolta.net\/wp-content\/uploads\/2024\/05\/image00004-1-scaled.jpeg 2048w\" sizes=\"auto, (max-width: 240px) 100vw, 240px\" \/><\/figure>\n\n\n\n<figure class=\"wp-block-image size-medium is-style-rounded\"><img loading=\"lazy\" decoding=\"async\" width=\"250\" height=\"300\" data-id=\"910\" src=\"https:\/\/novavilavolta.net\/wp-content\/uploads\/2024\/05\/IMG-20240415-WA0012-corte-2-250x300.jpg\" alt=\"\" class=\"wp-image-910\" srcset=\"https:\/\/novavilavolta.net\/wp-content\/uploads\/2024\/05\/IMG-20240415-WA0012-corte-2-250x300.jpg 250w, https:\/\/novavilavolta.net\/wp-content\/uploads\/2024\/05\/IMG-20240415-WA0012-corte-2-50x60.jpg 50w, https:\/\/novavilavolta.net\/wp-content\/uploads\/2024\/05\/IMG-20240415-WA0012-corte-2.jpg 500w\" sizes=\"auto, (max-width: 250px) 100vw, 250px\" \/><\/figure>\n<\/figure>\n","protected":false},"excerpt":{"rendered":"<p>De frente pra piscina. Ocupando uma \u00e1rea de 80 m2, o chal\u00e9 est\u00e1 localizado emfrente ao deck da piscina. Uma aconchegante varanda convidapara entrar no &hellip; <\/p>\n","protected":false},"author":1,"featured_media":0,"parent":611,"menu_order":0,"comment_status":"closed","ping_status":"closed","template":"","meta":{"footnotes":""},"class_list":["post-731","page","type-page","status-publish","hentry","latest_post"],"_links":{"self":[{"href":"https:\/\/novavilavolta.net\/index.php\/wp-json\/wp\/v2\/pages\/731","targetHints":{"allow":["GET"]}}],"collection":[{"href":"https:\/\/novavilavolta.net\/index.php\/wp-json\/wp\/v2\/pages"}],"about":[{"href":"https:\/\/novavilavolta.net\/index.php\/wp-json\/wp\/v2\/types\/page"}],"author":[{"embeddable":true,"href":"https:\/\/novavilavolta.net\/index.php\/wp-json\/wp\/v2\/users\/1"}],"replies":[{"embeddable":true,"href":"https:\/\/novavilavolta.net\/index.php\/wp-json\/wp\/v2\/comments?post=731"}],"version-history":[{"count":18,"href":"https:\/\/novavilavolta.net\/index.php\/wp-json\/wp\/v2\/pages\/731\/revisions"}],"predecessor-version":[{"id":1107,"href":"https:\/\/novavilavolta.net\/index.php\/wp-json\/wp\/v2\/pages\/731\/revisions\/1107"}],"up":[{"embeddable":true,"href":"https:\/\/novavilavolta.net\/index.php\/wp-json\/wp\/v2\/pages\/611"}],"wp:attachment":[{"href":"https:\/\/novavilavolta.net\/index.php\/wp-json\/wp\/v2\/media?parent=731"}],"curies":[{"name":"wp","href":"https:\/\/api.w.org\/{rel}","templated":true}]}}