{"id":729,"date":"2024-05-08T21:26:14","date_gmt":"2024-05-08T21:26:14","guid":{"rendered":"https:\/\/novavilavolta.net\/?page_id=729"},"modified":"2024-05-14T14:00:02","modified_gmt":"2024-05-14T14:00:02","slug":"chale-da-tangerina-ponca","status":"publish","type":"page","link":"https:\/\/novavilavolta.net\/index.php\/hospedagem\/chale-da-tangerina-ponca\/","title":{"rendered":"Chal\u00e9 da Tangerina Ponc\u00e3"},"content":{"rendered":"\n<div class=\"wp-block-group alignfull has-luminous-vivid-orange-background-color has-background\" style=\"padding-top:6vw;padding-right:6vw;padding-bottom:6vw;padding-left:6vw\"><div class=\"wp-block-group__inner-container is-layout-flow wp-block-group-is-layout-flow\">\n<div class=\"wp-block-group is-vertical is-nowrap is-layout-flex wp-container-core-group-is-layout-287ef9cb wp-block-group-is-layout-flex\" style=\"padding-right:0;padding-left:0\">\n<p class=\"has-luminous-vivid-orange-background-color has-text-color has-background\" style=\"color:#000000;font-size:4vw;font-style:normal;font-weight:700;letter-spacing:0px;line-height:0.9;text-decoration:none;text-transform:none\">Passarela e deck na chegada.<\/p>\n<\/div>\n\n\n\n<div style=\"height:1vw\" aria-hidden=\"true\" class=\"wp-block-spacer\"><\/div>\n\n\n\n<div class=\"wp-block-group alignwide is-vertical is-nowrap is-layout-flex wp-container-core-group-is-layout-8171334d wp-block-group-is-layout-flex\" style=\"padding-top:0;padding-right:0;padding-bottom:0;padding-left:0\">\n<div class=\"wp-block-columns alignwide is-layout-flex wp-container-core-columns-is-layout-2656d967 wp-block-columns-is-layout-flex\">\n<div class=\"wp-block-column is-layout-flow wp-block-column-is-layout-flow\" style=\"flex-basis:33.38%\">\n<p>Ocupando uma \u00e1rea de 120 m2, uma passarela conduz ao deck do chal\u00e9, envolvido em plantas ex\u00f3ticas, bananeiras e<br>tangerina ponc\u00e3. <br><font _mstmutation=\"1\" _msttexthash=\"1705925\" _msthash=\"2173\">No t\u00e9rreo h\u00e1 uma cozinha completa, jantar, sala de TV, <\/font><font _mstmutation=\"1\" _msttexthash=\"160849\" _msthash=\"2174\">lavat\u00f3rio <\/font><font _mstmutation=\"1\" _msttexthash=\"1285908\" _msthash=\"2175\">e banheiro. O espa\u00e7o \u00e9 decorado com m\u00f3veis<\/font><br><font _mstmutation=\"1\" _msttexthash=\"2888457\" _msthash=\"2176\">e pe\u00e7as de arte e artesanato brasileiros e com telas de Lauro Monteiro.<\/font><\/p>\n<\/div>\n\n\n\n<div class=\"wp-block-column is-layout-flow wp-block-column-is-layout-flow\" style=\"flex-basis:33%\">\n<div style=\"height:2vw\" aria-hidden=\"true\" class=\"wp-block-spacer\"><\/div>\n\n\n\n<figure class=\"wp-block-image size-medium\"><img loading=\"lazy\" decoding=\"async\" width=\"240\" height=\"300\" src=\"https:\/\/novavilavolta.net\/wp-content\/uploads\/2024\/05\/image00013-240x300.jpeg\" alt=\"\" class=\"wp-image-929\" srcset=\"https:\/\/novavilavolta.net\/wp-content\/uploads\/2024\/05\/image00013-240x300.jpeg 240w, https:\/\/novavilavolta.net\/wp-content\/uploads\/2024\/05\/image00013-819x1024.jpeg 819w, https:\/\/novavilavolta.net\/wp-content\/uploads\/2024\/05\/image00013-768x960.jpeg 768w, https:\/\/novavilavolta.net\/wp-content\/uploads\/2024\/05\/image00013-1229x1536.jpeg 1229w, https:\/\/novavilavolta.net\/wp-content\/uploads\/2024\/05\/image00013-1638x2048.jpeg 1638w, https:\/\/novavilavolta.net\/wp-content\/uploads\/2024\/05\/image00013-48x60.jpeg 48w, https:\/\/novavilavolta.net\/wp-content\/uploads\/2024\/05\/image00013-scaled.jpeg 2048w\" sizes=\"auto, (max-width: 240px) 100vw, 240px\" \/><\/figure>\n<\/div>\n\n\n\n<div class=\"wp-block-column is-layout-flow wp-block-column-is-layout-flow\" style=\"flex-basis:33.62%\">\n<figure class=\"wp-block-image size-medium\"><img loading=\"lazy\" decoding=\"async\" width=\"240\" height=\"300\" src=\"https:\/\/novavilavolta.net\/wp-content\/uploads\/2024\/05\/image00022-240x300.jpeg\" alt=\"\" class=\"wp-image-930\" srcset=\"https:\/\/novavilavolta.net\/wp-content\/uploads\/2024\/05\/image00022-240x300.jpeg 240w, https:\/\/novavilavolta.net\/wp-content\/uploads\/2024\/05\/image00022-819x1024.jpeg 819w, https:\/\/novavilavolta.net\/wp-content\/uploads\/2024\/05\/image00022-768x960.jpeg 768w, https:\/\/novavilavolta.net\/wp-content\/uploads\/2024\/05\/image00022-1229x1536.jpeg 1229w, https:\/\/novavilavolta.net\/wp-content\/uploads\/2024\/05\/image00022-1638x2048.jpeg 1638w, https:\/\/novavilavolta.net\/wp-content\/uploads\/2024\/05\/image00022-48x60.jpeg 48w, https:\/\/novavilavolta.net\/wp-content\/uploads\/2024\/05\/image00022-scaled.jpeg 2048w\" sizes=\"auto, (max-width: 240px) 100vw, 240px\" \/><\/figure>\n<\/div>\n<\/div>\n\n\n\n<div class=\"wp-block-columns alignwide is-layout-flex wp-container-core-columns-is-layout-724a882f wp-block-columns-is-layout-flex\">\n<div class=\"wp-block-column is-layout-flow wp-block-column-is-layout-flow\" style=\"flex-basis:69%\"><div class=\"wp-block-image\">\n<figure class=\"alignright size-full\"><img loading=\"lazy\" decoding=\"async\" width=\"446\" height=\"300\" src=\"https:\/\/novavilavolta.net\/wp-content\/uploads\/2024\/05\/image00023-site-e1715481786955.jpg\" alt=\"\" class=\"wp-image-932\"\/><\/figure>\n<\/div><\/div>\n\n\n\n<div class=\"wp-block-column is-vertically-aligned-center is-layout-flow wp-block-column-is-layout-flow\" style=\"flex-basis:33%\">\n<p class=\"has-text-color\" style=\"color:#000000;font-size:17px\"><font _mstmutation=\"1\" _msttexthash=\"1407029\" _msthash=\"2428\">O segundo piso acomoda cama de casal, duas camas <\/font><font _mstmutation=\"1\" _msttexthash=\"1644708\" _msthash=\"2429\">de solteiro, TV e sala de leitura\/caf\u00e9. Possui dois<\/font><br><font _mstmutation=\"1\" _msttexthash=\"1498783\" _msthash=\"2430\">ventiladores de teto e ar condicionado; grandes<\/font> <font _mstmutation=\"1\" _msttexthash=\"1338272\" _msthash=\"2431\">janelas com telas; a madeira e o vidro comp\u00f5e<\/font><br><font _mstmutation=\"1\" _msttexthash=\"1484574\" _msthash=\"2432\">o clima aconchegante, envolvido pela natureza.<\/font><br><font _mstmutation=\"1\" _msttexthash=\"415935\" _msthash=\"2433\">Acomoda at\u00e9 6 pessoas.<\/font><\/p>\n<\/div>\n<\/div>\n<\/div>\n<\/div><\/div>\n\n\n\n<figure class=\"wp-block-gallery has-nested-images columns-4 is-cropped wp-block-gallery-1 is-layout-flex wp-block-gallery-is-layout-flex\">\n<figure class=\"wp-block-image size-medium is-style-rounded\"><img loading=\"lazy\" decoding=\"async\" width=\"240\" height=\"300\" data-id=\"938\" src=\"https:\/\/novavilavolta.net\/wp-content\/uploads\/2024\/05\/image00014-240x300.jpeg\" alt=\"\" class=\"wp-image-938\" srcset=\"https:\/\/novavilavolta.net\/wp-content\/uploads\/2024\/05\/image00014-240x300.jpeg 240w, https:\/\/novavilavolta.net\/wp-content\/uploads\/2024\/05\/image00014-819x1024.jpeg 819w, https:\/\/novavilavolta.net\/wp-content\/uploads\/2024\/05\/image00014-768x960.jpeg 768w, https:\/\/novavilavolta.net\/wp-content\/uploads\/2024\/05\/image00014-1229x1536.jpeg 1229w, https:\/\/novavilavolta.net\/wp-content\/uploads\/2024\/05\/image00014-1639x2048.jpeg 1639w, https:\/\/novavilavolta.net\/wp-content\/uploads\/2024\/05\/image00014-48x60.jpeg 48w, https:\/\/novavilavolta.net\/wp-content\/uploads\/2024\/05\/image00014-scaled.jpeg 2048w\" sizes=\"auto, (max-width: 240px) 100vw, 240px\" \/><\/figure>\n\n\n\n<figure class=\"wp-block-image size-medium is-style-default\"><img loading=\"lazy\" decoding=\"async\" width=\"240\" height=\"300\" data-id=\"936\" src=\"https:\/\/novavilavolta.net\/wp-content\/uploads\/2024\/05\/image00018-240x300.jpeg\" alt=\"\" class=\"wp-image-936\" srcset=\"https:\/\/novavilavolta.net\/wp-content\/uploads\/2024\/05\/image00018-240x300.jpeg 240w, https:\/\/novavilavolta.net\/wp-content\/uploads\/2024\/05\/image00018-819x1024.jpeg 819w, https:\/\/novavilavolta.net\/wp-content\/uploads\/2024\/05\/image00018-768x960.jpeg 768w, https:\/\/novavilavolta.net\/wp-content\/uploads\/2024\/05\/image00018-1229x1536.jpeg 1229w, https:\/\/novavilavolta.net\/wp-content\/uploads\/2024\/05\/image00018-1639x2048.jpeg 1639w, https:\/\/novavilavolta.net\/wp-content\/uploads\/2024\/05\/image00018-48x60.jpeg 48w, https:\/\/novavilavolta.net\/wp-content\/uploads\/2024\/05\/image00018.jpeg 2014w\" sizes=\"auto, (max-width: 240px) 100vw, 240px\" \/><\/figure>\n\n\n\n<figure class=\"wp-block-image size-medium\"><img loading=\"lazy\" decoding=\"async\" width=\"240\" height=\"300\" data-id=\"937\" src=\"https:\/\/novavilavolta.net\/wp-content\/uploads\/2024\/05\/image00030-240x300.jpeg\" alt=\"\" class=\"wp-image-937\" srcset=\"https:\/\/novavilavolta.net\/wp-content\/uploads\/2024\/05\/image00030-240x300.jpeg 240w, https:\/\/novavilavolta.net\/wp-content\/uploads\/2024\/05\/image00030-819x1024.jpeg 819w, https:\/\/novavilavolta.net\/wp-content\/uploads\/2024\/05\/image00030-768x960.jpeg 768w, https:\/\/novavilavolta.net\/wp-content\/uploads\/2024\/05\/image00030-1229x1536.jpeg 1229w, https:\/\/novavilavolta.net\/wp-content\/uploads\/2024\/05\/image00030-1638x2048.jpeg 1638w, https:\/\/novavilavolta.net\/wp-content\/uploads\/2024\/05\/image00030-48x60.jpeg 48w, https:\/\/novavilavolta.net\/wp-content\/uploads\/2024\/05\/image00030-scaled.jpeg 2048w\" sizes=\"auto, (max-width: 240px) 100vw, 240px\" \/><\/figure>\n\n\n\n<figure class=\"wp-block-image size-medium is-style-rounded\"><img loading=\"lazy\" decoding=\"async\" width=\"169\" height=\"300\" data-id=\"935\" src=\"https:\/\/novavilavolta.net\/wp-content\/uploads\/2024\/05\/IMG-20240415-WA0029-1-169x300.jpg\" alt=\"\" class=\"wp-image-935\"\/><\/figure>\n<\/figure>\n","protected":false},"excerpt":{"rendered":"<p>Passarela e deck na chegada. Ocupando uma \u00e1rea de 120 m2, uma passarela conduz ao deck do chal\u00e9, envolvido em plantas ex\u00f3ticas, bananeiras etangerina ponc\u00e3. &hellip; <\/p>\n","protected":false},"author":1,"featured_media":0,"parent":611,"menu_order":1,"comment_status":"closed","ping_status":"closed","template":"","meta":{"footnotes":""},"class_list":["post-729","page","type-page","status-publish","hentry","latest_post"],"_links":{"self":[{"href":"https:\/\/novavilavolta.net\/index.php\/wp-json\/wp\/v2\/pages\/729","targetHints":{"allow":["GET"]}}],"collection":[{"href":"https:\/\/novavilavolta.net\/index.php\/wp-json\/wp\/v2\/pages"}],"about":[{"href":"https:\/\/novavilavolta.net\/index.php\/wp-json\/wp\/v2\/types\/page"}],"author":[{"embeddable":true,"href":"https:\/\/novavilavolta.net\/index.php\/wp-json\/wp\/v2\/users\/1"}],"replies":[{"embeddable":true,"href":"https:\/\/novavilavolta.net\/index.php\/wp-json\/wp\/v2\/comments?post=729"}],"version-history":[{"count":13,"href":"https:\/\/novavilavolta.net\/index.php\/wp-json\/wp\/v2\/pages\/729\/revisions"}],"predecessor-version":[{"id":1108,"href":"https:\/\/novavilavolta.net\/index.php\/wp-json\/wp\/v2\/pages\/729\/revisions\/1108"}],"up":[{"embeddable":true,"href":"https:\/\/novavilavolta.net\/index.php\/wp-json\/wp\/v2\/pages\/611"}],"wp:attachment":[{"href":"https:\/\/novavilavolta.net\/index.php\/wp-json\/wp\/v2\/media?parent=729"}],"curies":[{"name":"wp","href":"https:\/\/api.w.org\/{rel}","templated":true}]}}