{"id":715,"date":"2024-05-06T22:16:28","date_gmt":"2024-05-06T22:16:28","guid":{"rendered":"https:\/\/novavilavolta.net\/?page_id=715"},"modified":"2024-06-25T06:44:09","modified_gmt":"2024-06-25T06:44:09","slug":"onde-estamos","status":"publish","type":"page","link":"https:\/\/novavilavolta.net\/index.php\/onde-estamos\/","title":{"rendered":"Onde estamos"},"content":{"rendered":"\n<div class=\"wp-block-group alignfull has-black-color has-luminous-vivid-amber-background-color has-text-color has-background has-link-color wp-elements-16d565ae74efce9848492dc1405938b4\" style=\"padding-top:6vw;padding-right:6vw;padding-bottom:6vw;padding-left:6vw\"><div class=\"wp-block-group__inner-container is-layout-flow wp-block-group-is-layout-flow\">\n<div class=\"wp-block-group is-vertical is-nowrap is-layout-flex wp-container-core-group-is-layout-287ef9cb wp-block-group-is-layout-flex\" style=\"padding-right:0;padding-left:0\">\n<h6 class=\"wp-block-heading has-text-color\" id=\"ecosystem\" style=\"color:#000000;font-size:16px\">NA PARATY-CUNHA<\/h6>\n\n\n\n<p class=\"has-text-color\" style=\"color:#000000;font-size:6vw;font-style:normal;font-weight:700;letter-spacing:0px;line-height:0.9;text-decoration:none;text-transform:none\">A 5 km do centro.<\/p>\n<\/div>\n\n\n\n<div style=\"height:1vw\" aria-hidden=\"true\" class=\"wp-block-spacer\"><\/div>\n\n\n\n<div class=\"wp-block-group alignwide is-vertical is-nowrap is-layout-flex wp-container-core-group-is-layout-8171334d wp-block-group-is-layout-flex\" style=\"padding-top:0;padding-right:0;padding-bottom:0;padding-left:0\">\n<div class=\"wp-block-columns alignwide is-layout-flex wp-container-core-columns-is-layout-2656d967 wp-block-columns-is-layout-flex\">\n<div class=\"wp-block-column is-layout-flow wp-block-column-is-layout-flow\" style=\"flex-basis:33.38%\">\n<p>Em meio a Mata Atl\u00e2ntica, ao p\u00e9 da Serra do Mar<br>(Parque da Serra da Bocaina), no n\u00famero 3905 da Rodovia Paraty-Cunha (RJ-165)<br>encontram-se os Chal\u00e9s do Ateli\u00ea Lauro Monteiro.<br>Esta rodovia tamb\u00e9m \u00e9 conhecida por Estrada Real ou Caminho do Ouro.<\/p>\n<\/div>\n\n\n\n<div class=\"wp-block-column is-layout-flow wp-block-column-is-layout-flow\" style=\"flex-basis:33%\">\n<div style=\"height:2vw\" aria-hidden=\"true\" class=\"wp-block-spacer\"><\/div>\n\n\n\n<figure class=\"wp-block-image size-medium\"><img loading=\"lazy\" decoding=\"async\" width=\"157\" height=\"300\" src=\"https:\/\/novavilavolta.net\/wp-content\/uploads\/2024\/05\/mapa1-157x300.jpg\" alt=\"\" class=\"wp-image-994\" srcset=\"https:\/\/novavilavolta.net\/wp-content\/uploads\/2024\/05\/mapa1-157x300.jpg 157w, https:\/\/novavilavolta.net\/wp-content\/uploads\/2024\/05\/mapa1-536x1024.jpg 536w, https:\/\/novavilavolta.net\/wp-content\/uploads\/2024\/05\/mapa1-768x1467.jpg 768w, https:\/\/novavilavolta.net\/wp-content\/uploads\/2024\/05\/mapa1-804x1536.jpg 804w, https:\/\/novavilavolta.net\/wp-content\/uploads\/2024\/05\/mapa1-1073x2048.jpg 1073w, https:\/\/novavilavolta.net\/wp-content\/uploads\/2024\/05\/mapa1-31x60.jpg 31w, https:\/\/novavilavolta.net\/wp-content\/uploads\/2024\/05\/mapa1.jpg 1227w\" sizes=\"auto, (max-width: 157px) 100vw, 157px\" \/><\/figure>\n<\/div>\n\n\n\n<div class=\"wp-block-column is-layout-flow wp-block-column-is-layout-flow\" style=\"flex-basis:33.62%\">\n<figure class=\"wp-block-image size-medium\"><img loading=\"lazy\" decoding=\"async\" width=\"202\" height=\"300\" src=\"https:\/\/novavilavolta.net\/wp-content\/uploads\/2024\/05\/mapa3-corte-202x300.jpg\" alt=\"\" class=\"wp-image-997\" srcset=\"https:\/\/novavilavolta.net\/wp-content\/uploads\/2024\/05\/mapa3-corte-202x300.jpg 202w, https:\/\/novavilavolta.net\/wp-content\/uploads\/2024\/05\/mapa3-corte-40x60.jpg 40w, https:\/\/novavilavolta.net\/wp-content\/uploads\/2024\/05\/mapa3-corte.jpg 500w\" sizes=\"auto, (max-width: 202px) 100vw, 202px\" \/><\/figure>\n<\/div>\n<\/div>\n\n\n\n<div class=\"wp-block-columns alignwide is-layout-flex wp-container-core-columns-is-layout-724a882f wp-block-columns-is-layout-flex\">\n<div class=\"wp-block-column is-layout-flow wp-block-column-is-layout-flow\" style=\"flex-basis:69%\"><div class=\"wp-block-image\">\n<figure class=\"alignright size-full\"><img loading=\"lazy\" decoding=\"async\" width=\"316\" height=\"237\" src=\"https:\/\/novavilavolta.net\/wp-content\/uploads\/2024\/05\/mapa2.jpg\" alt=\"\" class=\"wp-image-996\" srcset=\"https:\/\/novavilavolta.net\/wp-content\/uploads\/2024\/05\/mapa2.jpg 316w, https:\/\/novavilavolta.net\/wp-content\/uploads\/2024\/05\/mapa2-300x225.jpg 300w, https:\/\/novavilavolta.net\/wp-content\/uploads\/2024\/05\/mapa2-80x60.jpg 80w\" sizes=\"auto, (max-width: 316px) 100vw, 316px\" \/><\/figure>\n<\/div><\/div>\n\n\n\n<div class=\"wp-block-column is-vertically-aligned-center is-layout-flow wp-block-column-is-layout-flow\" style=\"flex-basis:33%\">\n<div style=\"height:2vw\" aria-hidden=\"true\" class=\"wp-block-spacer\"><\/div>\n\n\n\n<p class=\"has-text-color\" style=\"color:#000000;font-size:17px\"><font _mstmutation=\"1\" _msttexthash=\"786682\" _msthash=\"1295\">Estamos no bairro da Ponte Branca. <\/font><br><font _mstmutation=\"1\" _msttexthash=\"841347\" _msthash=\"1296\">Mais precisamente, a 5 km da entrada de Paraty\/RJ (rotat\u00f3ria da BR-101).<\/font><br><font _mstmutation=\"1\" _msttexthash=\"2227641\" _msthash=\"1298\">Ou ainda, a 15 minutos de carro do Centro Hist\u00f3rico de Paraty.<\/font>Este artigo menciona seu favorito <a href=\"https:\/\/www.high-endrolex.com\/\">hats<\/a> a pre\u00e7os super baixos. Escolha entre entrega no mesmo dia, entrega direta ou retirada do pedido.<\/p>\n<\/div>\n<\/div>\n<\/div>\n<\/div><\/div>\n","protected":false},"excerpt":{"rendered":"<p>NA PARATY-CUNHA A 5 km do centro. Em meio a Mata Atl\u00e2ntica, ao p\u00e9 da Serra do Mar(Parque da Serra da Bocaina), no n\u00famero 3905 &hellip; <\/p>\n","protected":false},"author":1,"featured_media":0,"parent":0,"menu_order":0,"comment_status":"closed","ping_status":"closed","template":"","meta":{"footnotes":""},"class_list":["post-715","page","type-page","status-publish","hentry","latest_post"],"_links":{"self":[{"href":"https:\/\/novavilavolta.net\/index.php\/wp-json\/wp\/v2\/pages\/715","targetHints":{"allow":["GET"]}}],"collection":[{"href":"https:\/\/novavilavolta.net\/index.php\/wp-json\/wp\/v2\/pages"}],"about":[{"href":"https:\/\/novavilavolta.net\/index.php\/wp-json\/wp\/v2\/types\/page"}],"author":[{"embeddable":true,"href":"https:\/\/novavilavolta.net\/index.php\/wp-json\/wp\/v2\/users\/1"}],"replies":[{"embeddable":true,"href":"https:\/\/novavilavolta.net\/index.php\/wp-json\/wp\/v2\/comments?post=715"}],"version-history":[{"count":9,"href":"https:\/\/novavilavolta.net\/index.php\/wp-json\/wp\/v2\/pages\/715\/revisions"}],"predecessor-version":[{"id":1109,"href":"https:\/\/novavilavolta.net\/index.php\/wp-json\/wp\/v2\/pages\/715\/revisions\/1109"}],"wp:attachment":[{"href":"https:\/\/novavilavolta.net\/index.php\/wp-json\/wp\/v2\/media?parent=715"}],"curies":[{"name":"wp","href":"https:\/\/api.w.org\/{rel}","templated":true}]}}