{"id":613,"date":"2024-05-04T23:38:16","date_gmt":"2024-05-04T23:38:16","guid":{"rendered":"https:\/\/novavilavolta.net\/?page_id=613"},"modified":"2024-05-14T01:27:32","modified_gmt":"2024-05-14T01:27:32","slug":"quem-somos","status":"publish","type":"page","link":"https:\/\/novavilavolta.net\/index.php\/quem-somos\/","title":{"rendered":"Quem somos"},"content":{"rendered":"\n<div class=\"wp-block-group alignfull has-cyan-bluish-gray-background-color has-background\" style=\"padding-top:6vw;padding-right:6vw;padding-bottom:6vw;padding-left:6vw\"><div class=\"wp-block-group__inner-container is-layout-flow wp-block-group-is-layout-flow\">\n<div class=\"wp-block-group is-vertical is-nowrap is-layout-flex wp-container-core-group-is-layout-287ef9cb wp-block-group-is-layout-flex\" style=\"padding-right:0;padding-left:0\">\n<p class=\"has-cyan-bluish-gray-background-color has-text-color has-background\" style=\"color:#000000;font-size:4vw;font-style:normal;font-weight:700;letter-spacing:0px;line-height:0.9;text-decoration:none;text-transform:none\">Hospedagem com Arte na Natureza.<\/p>\n<\/div>\n\n\n\n<div style=\"height:1vw\" aria-hidden=\"true\" class=\"wp-block-spacer\"><\/div>\n\n\n\n<div class=\"wp-block-group alignwide is-vertical is-nowrap is-layout-flex wp-container-core-group-is-layout-8171334d wp-block-group-is-layout-flex\" style=\"padding-top:0;padding-right:0;padding-bottom:0;padding-left:0\">\n<div class=\"wp-block-columns alignwide is-layout-flex wp-container-core-columns-is-layout-2656d967 wp-block-columns-is-layout-flex\">\n<div class=\"wp-block-column is-vertically-aligned-center is-layout-flow wp-block-column-is-layout-flow\" style=\"flex-basis:33.38%\">\n<p><font _mstmutation=\"1\" _msttexthash=\"39111423\" _msthash=\"354\"><font _mstmutation=\"1\" _msttexthash=\"5683301\" _msthash=\"1275\" _istranslated=\"1\">Quem desce a Serra do Mar, pela rodovia Paraty-Cunha, ap\u00f3s cruzar o Parque Nacional da Serra da Bocaina<\/font><font _mstmutation=\"1\" _msttexthash=\"4004\" _msthash=\"1345\" _istranslated=\"1\">,<\/font> <font _mstmutation=\"1\" _msttexthash=\"392275\" _msthash=\"1275\" _istranslated=\"1\">um pouquinho antes de<\/font> <font _mstmutation=\"1\" _msttexthash=\"1188876\" _msthash=\"1280\" _istranslated=\"1\">chegar em Paraty, encontra nosso espa\u00e7o.<\/font><\/font><\/p>\n\n\n\n<p><font _mstmutation=\"1\" _msttexthash=\"6657339\" _msthash=\"354\"><font _mstmutation=\"1\" _msttexthash=\"1250041\" _msthash=\"1281\" _istranslated=\"1\">Logo na entrada, o Ateli\u00ea do artista visual<\/font> <font _mstmutation=\"1\" _msttexthash=\"1534156\" _msthash=\"1282\" _istranslated=\"1\">Lauro Monteiro, d\u00e1 as boas-vindas aos h\u00f3spedes <\/font><font _mstmutation=\"1\" _msttexthash=\"280670\" _msthash=\"1283\" _istranslated=\"1\">e aos visitantes.<\/font><\/font><\/p>\n<\/div>\n\n\n\n<div class=\"wp-block-column is-layout-flow wp-block-column-is-layout-flow\" style=\"flex-basis:33%\">\n<div style=\"height:2vw\" aria-hidden=\"true\" class=\"wp-block-spacer\"><\/div>\n\n\n\n<figure class=\"wp-block-image size-full\"><img loading=\"lazy\" decoding=\"async\" width=\"300\" height=\"533\" src=\"https:\/\/novavilavolta.net\/wp-content\/uploads\/2024\/05\/IMG-20240415-WA0038-e1715649631606.jpg\" alt=\"\" class=\"wp-image-963\"\/><\/figure>\n<\/div>\n\n\n\n<div class=\"wp-block-column is-layout-flow wp-block-column-is-layout-flow\" style=\"flex-basis:33.62%\">\n<figure class=\"wp-block-image size-full\"><img loading=\"lazy\" decoding=\"async\" width=\"300\" height=\"533\" src=\"https:\/\/novavilavolta.net\/wp-content\/uploads\/2024\/05\/IMG-20240415-WA0029-1-e1715649645822.jpg\" alt=\"\" class=\"wp-image-935\"\/><\/figure>\n<\/div>\n<\/div>\n\n\n\n<div class=\"wp-block-columns alignwide is-layout-flex wp-container-core-columns-is-layout-724a882f wp-block-columns-is-layout-flex\">\n<div class=\"wp-block-column is-layout-flow wp-block-column-is-layout-flow\" style=\"flex-basis:69%\"><div class=\"wp-block-image\">\n<figure class=\"alignright size-full\"><img loading=\"lazy\" decoding=\"async\" width=\"1280\" height=\"720\" src=\"https:\/\/novavilavolta.net\/wp-content\/uploads\/2024\/05\/IMG-20240415-WA0041-e1715649140251.jpg\" alt=\"\" class=\"wp-image-961\"\/><\/figure>\n<\/div><\/div>\n\n\n\n<div class=\"wp-block-column is-vertically-aligned-center is-layout-flow wp-block-column-is-layout-flow\" style=\"flex-basis:33%\">\n<p class=\"has-text-color\" style=\"color:#000000;font-size:17px\"><font _mstmutation=\"1\" _msttexthash=\"42951181\" _msthash=\"369\"><font _mstmutation=\"1\" _msttexthash=\"651144\" _msthash=\"1568\" _istranslated=\"1\">Integrado ao Ateli\u00ea temos um <\/font><font _mstmutation=\"1\" _msttexthash=\"690612\" _msthash=\"2185\" _istranslated=\"1\">jardim-pomar e uma piscina com<\/font> <font _mstmutation=\"1\" _msttexthash=\"8398221\" _msthash=\"2186\" _istranslated=\"1\">cascata. Ali tamb\u00e9m encontram-se dois chal\u00e9s &#8211; Casa de H\u00f3spedes &#8211; totalmente em harmonia com muita arte e natureza ao redor. <\/font><\/font><\/p>\n\n\n\n<p class=\"has-text-color\" style=\"color:#000000;font-size:17px\"><font _mstmutation=\"1\" _msttexthash=\"42951181\" _msthash=\"369\"><font _mstmutation=\"1\" _msttexthash=\"1053091\" _msthash=\"572\" _istranslated=\"1\">Os chal\u00e9s, da Jabuticaba e da Tangerina P<\/font><font _mstmutation=\"1\" _msttexthash=\"68926\" _msthash=\"1574\" _istranslated=\"1\">onc\u00e3, <\/font><font _mstmutation=\"1\" _msttexthash=\"2042235\" _msthash=\"1575\" _istranslated=\"1\">s\u00e3o espa\u00e7osos, aut\u00eanticos, confort\u00e1veis e charmosos.<\/font><\/font><\/p>\n<\/div>\n<\/div>\n\n\n\n<div class=\"wp-block-media-text has-media-on-the-right is-stacked-on-mobile\"><div class=\"wp-block-media-text__content\">\n<p><font _mstmutation=\"1\" _msttexthash=\"660452\" _msthash=\"1290\"><font _mstmutation=\"1\" _msttexthash=\"660452\" _msthash=\"1154\">Em sua constru\u00e7\u00e3o, a obra foi<\/font><\/font> <font _mstmutation=\"1\" _msttexthash=\"660452\" _msthash=\"1290\"><font _mstmutation=\"1\" _msttexthash=\"2208778\" _msthash=\"1336\" _istranslated=\"1\">locada respeitando as \u00e1rvores do paisagismo anterior, que  receberam, de m\u00e3os generosas, uma grande<\/font> <font _mstmutation=\"1\" _msttexthash=\"2806206\" _msthash=\"1351\" _istranslated=\"1\">cole\u00e7\u00e3o de orqu\u00eddeas, brom\u00e9lias, plantas ex\u00f3ticas, ornamentais  e frut\u00edferas. <\/font><\/font><\/p>\n\n\n\n<p><font _mstmutation=\"1\" _msttexthash=\"60140769\" _msthash=\"1290\"><font _mstmutation=\"1\" _msttexthash=\"1129284\" _msthash=\"1353\" _istranslated=\"1\">Entre a rusticidade da madeira do local e a<\/font> <font _mstmutation=\"1\" _msttexthash=\"1206322\" _msthash=\"1354\" _istranslated=\"1\">modernidade dos panos de vidro, os chal\u00e9s <\/font><font _mstmutation=\"1\" _msttexthash=\"1200134\" _msthash=\"1355\" _istranslated=\"1\">sugerem a ideia l\u00fadica de &#8220;casa na \u00e1rvore&#8221;, <\/font><font _mstmutation=\"1\" _msttexthash=\"757289\" _msthash=\"1356\" _istranslated=\"1\">fantasia de crian\u00e7as e adultos.<\/font><\/font><font _mstmutation=\"1\"><\/font><\/p>\n<\/div><figure class=\"wp-block-media-text__media\"><img loading=\"lazy\" decoding=\"async\" width=\"1024\" height=\"576\" src=\"https:\/\/novavilavolta.net\/wp-content\/uploads\/2024\/05\/IMG-20240511-WA0011-1024x576.jpg\" alt=\"\" class=\"wp-image-959 size-full\" srcset=\"https:\/\/novavilavolta.net\/wp-content\/uploads\/2024\/05\/IMG-20240511-WA0011-1024x576.jpg 1024w, https:\/\/novavilavolta.net\/wp-content\/uploads\/2024\/05\/IMG-20240511-WA0011-300x169.jpg 300w, https:\/\/novavilavolta.net\/wp-content\/uploads\/2024\/05\/IMG-20240511-WA0011-768x432.jpg 768w, https:\/\/novavilavolta.net\/wp-content\/uploads\/2024\/05\/IMG-20240511-WA0011-107x60.jpg 107w, https:\/\/novavilavolta.net\/wp-content\/uploads\/2024\/05\/IMG-20240511-WA0011-840x473.jpg 840w, https:\/\/novavilavolta.net\/wp-content\/uploads\/2024\/05\/IMG-20240511-WA0011.jpg 1280w\" sizes=\"auto, (max-width: 1024px) 100vw, 1024px\" \/><\/figure><\/div>\n<\/div>\n<\/div><\/div>\n","protected":false},"excerpt":{"rendered":"<p>Hospedagem com Arte na Natureza. Quem desce a Serra do Mar, pela rodovia Paraty-Cunha, ap\u00f3s cruzar o Parque Nacional da Serra da Bocaina, um pouquinho &hellip; <\/p>\n","protected":false},"author":1,"featured_media":0,"parent":0,"menu_order":0,"comment_status":"closed","ping_status":"closed","template":"","meta":{"footnotes":""},"class_list":["post-613","page","type-page","status-publish","hentry","latest_post"],"_links":{"self":[{"href":"https:\/\/novavilavolta.net\/index.php\/wp-json\/wp\/v2\/pages\/613","targetHints":{"allow":["GET"]}}],"collection":[{"href":"https:\/\/novavilavolta.net\/index.php\/wp-json\/wp\/v2\/pages"}],"about":[{"href":"https:\/\/novavilavolta.net\/index.php\/wp-json\/wp\/v2\/types\/page"}],"author":[{"embeddable":true,"href":"https:\/\/novavilavolta.net\/index.php\/wp-json\/wp\/v2\/users\/1"}],"replies":[{"embeddable":true,"href":"https:\/\/novavilavolta.net\/index.php\/wp-json\/wp\/v2\/comments?post=613"}],"version-history":[{"count":24,"href":"https:\/\/novavilavolta.net\/index.php\/wp-json\/wp\/v2\/pages\/613\/revisions"}],"predecessor-version":[{"id":1018,"href":"https:\/\/novavilavolta.net\/index.php\/wp-json\/wp\/v2\/pages\/613\/revisions\/1018"}],"wp:attachment":[{"href":"https:\/\/novavilavolta.net\/index.php\/wp-json\/wp\/v2\/media?parent=613"}],"curies":[{"name":"wp","href":"https:\/\/api.w.org\/{rel}","templated":true}]}}