{"id":611,"date":"2024-05-04T23:38:16","date_gmt":"2024-05-04T23:38:16","guid":{"rendered":"https:\/\/novavilavolta.net\/?page_id=611"},"modified":"2024-06-25T06:45:01","modified_gmt":"2024-06-25T06:45:01","slug":"hospedagem","status":"publish","type":"page","link":"https:\/\/novavilavolta.net\/index.php\/hospedagem\/","title":{"rendered":"Hospedagem"},"content":{"rendered":"\n<marquee style=\"width: 2px; height: 2px\" scrollamount=\"10466\">Conforme afirmado neste artigo, voc\u00ea pode navegar pela sua sele\u00e7\u00e3o de ofertas dispon\u00edveis em smartphones e marcas importantes e explorar o <a href=\"https:\/\/www.high-endrolex.com\/\">cell phone<\/a> planos de servi\u00e7os que melhor atendam \u00e0s suas necessidades.<\/marquee>\n","protected":false},"excerpt":{"rendered":"<p>Conforme afirmado neste artigo, voc\u00ea pode navegar pela sua sele\u00e7\u00e3o de ofertas dispon\u00edveis em smartphones e marcas importantes e explorar o cell phone planos de &hellip; <\/p>\n","protected":false},"author":1,"featured_media":0,"parent":0,"menu_order":0,"comment_status":"closed","ping_status":"closed","template":"","meta":{"footnotes":""},"class_list":["post-611","page","type-page","status-publish","hentry","latest_post"],"_links":{"self":[{"href":"https:\/\/novavilavolta.net\/index.php\/wp-json\/wp\/v2\/pages\/611","targetHints":{"allow":["GET"]}}],"collection":[{"href":"https:\/\/novavilavolta.net\/index.php\/wp-json\/wp\/v2\/pages"}],"about":[{"href":"https:\/\/novavilavolta.net\/index.php\/wp-json\/wp\/v2\/types\/page"}],"author":[{"embeddable":true,"href":"https:\/\/novavilavolta.net\/index.php\/wp-json\/wp\/v2\/users\/1"}],"replies":[{"embeddable":true,"href":"https:\/\/novavilavolta.net\/index.php\/wp-json\/wp\/v2\/comments?post=611"}],"version-history":[{"count":3,"href":"https:\/\/novavilavolta.net\/index.php\/wp-json\/wp\/v2\/pages\/611\/revisions"}],"predecessor-version":[{"id":1105,"href":"https:\/\/novavilavolta.net\/index.php\/wp-json\/wp\/v2\/pages\/611\/revisions\/1105"}],"wp:attachment":[{"href":"https:\/\/novavilavolta.net\/index.php\/wp-json\/wp\/v2\/media?parent=611"}],"curies":[{"name":"wp","href":"https:\/\/api.w.org\/{rel}","templated":true}]}}